{"id":15354,"date":"2025-06-23T10:35:51","date_gmt":"2025-06-23T08:35:51","guid":{"rendered":"https:\/\/www.falugruva.se\/?page_id=15354"},"modified":"2025-06-23T10:35:53","modified_gmt":"2025-06-23T08:35:53","slug":"the-gardens-at-krongarden-and-koppargrand","status":"publish","type":"page","link":"https:\/\/www.falugruva.se\/en\/see-and-do\/home-of-the-erikssons\/the-gardens-at-krongarden-and-koppargrand\/","title":{"rendered":"The Gardens at Krong\u00e5rden and Koppargr\u00e4nd"},"content":{"rendered":"\n<p>The plantings at our historic miners\u2019 cottages have been designed and planted by Andr\u00e9 Str\u00f6mqvist. Andr\u00e9 is a garden antiquarian and gardener. His book <em>Handbook for an Old Garden<\/em> was named Garden Book of the Year in 2022.<\/p>\n\n\n\n<h2 class=\"wp-block-heading\">The Kitchen Garden at Koppargr\u00e4nd, 1897<br>From left to right:<\/h2>\n\n\n\n<p><strong>Swede (rutabaga).<\/strong> Several good local kinds of swede come from the areas around Enviken and Bjurs\u00e5s, north of Falun. Here we grow three white-fleshed types: <em>\u2018Bjurs\u00e5s\u2019<\/em>, <em>\u2018Baggens\u2019<\/em> and <em>\u2018Vintj\u00e4rn\u2019<\/em>. Look at the wooden signs in the row to see which is which.<\/p>\n\n\n\n<p><strong>Grey pea \u201cPelusk from Dalarna\u201d.<\/strong> A tall grey pea that gives many peas. In the past, people used it as animal food or ground it into flour. Pea flour was often mixed with barley flour to make bread, porridge or gruel.<\/p>\n\n\n\n<p><strong>Grey pea \u201cR\u00e4ttvik\u201d.<\/strong> A shorter grey pea that grows to about 1.5 metres. It has pretty purple flowers. Fresh pods are eaten as <em>sl\u00e4p\u00e4rter<\/em>\u2014boiled pea pods with butter. Dry peas can be ground into flour.<\/p>\n\n\n\n<p><strong>Grey pea \u201cSoller\u00f6\u00e4rt\u201d.<\/strong> A strong and tall grey pea from Soller\u00f6n, the biggest island in Lake Siljan. It has been grown there for a long time.<\/p>\n\n\n\n<p><strong>Curly parsley<\/strong><\/p>\n\n\n\n<p><strong>Dill<\/strong><\/p>\n\n\n\n<p><strong>Potato \u201cOld Swedish Red\u201d.<\/strong> A very old potato sort. It may come from the potatoes Jonas Alstr\u00f6mer brought to Sweden in the 1720s. It grows in mid-summer and gives many round potatoes with red skins.<\/p>\n\n\n\n<p><strong>Mallow.<\/strong> A summer flower that was very popular in the late 1800s and later.<\/p>\n\n\n\n<p><strong>Linnaeus marigold.<\/strong> A kind of marigold that has grown in the Linnaeus Garden in Uppsala since the 1920s. It is closely related to wild marigolds from Mexico and Guatemala.<\/p>\n\n\n\n<p><strong>Chives<\/strong><\/p>\n\n\n\n<h2 class=\"wp-block-heading\"><strong>Plants at Krong\u00e5rden, 1958<\/strong><\/h2>\n\n\n\n<h2 class=\"wp-block-heading\">Flowerbed west of the path<\/h2>\n\n\n\n<p><strong>Autumn phlox<\/strong> was very popular during much of the 20th century and Vassbo Nursery\u2019s 1956 catalogue sold 25 different types. Today most are hard to find but may still exist in old gardens. \u2018Alma Jansson\u2019 comes from a garden in Roslagen where it has been grown since at least the 1930s.<\/p>\n\n\n\n<p><strong>Brown-red daylily<\/strong> comes from China but has been grown in Sweden since the 1600s. It is a true survivor, even in gardens that are no longer maintained. It appears in Vassbo Nursery\u2019s 1948 catalogue. This double-flowered variety has been sold in Sweden since the 1860s but is less common than the single type.<\/p>\n\n\n\n<p><strong>Fragrant peony<\/strong> from Krong\u00e5rden is the only perennial still in the garden from the large flowerbeds shown in photos from the mid-1900s.<\/p>\n\n\n\n<p><strong>Turk\u2019s cap lily<\/strong> from Krong\u00e5rden. Bulbs were found in a lilac bush on the farm.<\/p>\n\n\n\n<p><strong>White autumn phlox <\/strong>from Stora Hyttn\u00e4s. This phlox comes from the miner\u2019s estate Stora Hyttn\u00e4s in Sundborn, where there is a well-preserved garden from the late 1800s with traces of an older garden from the 1600s.<\/p>\n\n\n\n<p><strong>Yellow flag iris is<\/strong> very common in old gardens. It appears in Vassbo Nursery\u2019s 1948 catalogue.<\/p>\n\n\n\n<p><strong>Cowslip<\/strong> grows wild but has also been a popular garden plant.<\/p>\n\n\n\n<p><strong>Yellow daylily<\/strong> is very common in old gardens because it is easy to divide and share. It appears in Vassbo Nursery\u2019s 1948 catalogue.<\/p>\n\n\n\n<h3 class=\"wp-block-heading\">Flowerbed east of the path<\/h3>\n\n\n\n<p><strong>Siberian poppy<\/strong> was popular as an edge plant or in rock gardens.<\/p>\n\n\n\n<p><strong>Yellow daylily<\/strong> is very common in old gardens because it is easy to divide and share. It appears in Vassbo Nursery\u2019s 1948 catalogue.<\/p>\n\n\n\n<p><strong>Fragrant peony <\/strong>from Krong\u00e5rden is the only perennial still in the garden from the large flowerbeds shown in photos from the mid-1900s.<\/p>\n\n\n\n<p><strong>Garden iris \u201cHarald\u201d<\/strong> is an old variety collected from a now lost garden near the Bojsenburg area in northern Falun. The garden was cared for by a man named Harald. The real name of the variety is unknown.<\/p>\n\n\n\n<p><strong>Oriental poppy<\/strong> is an easy-to-grow garden plant in many colours, but orange is most common. Many new varieties were developed during the 1900s. Oriental poppy can be seen in Krong\u00e5rden\u2019s flowerbeds in photos from the mid-1900s.<\/p>\n\n\n\n<p><strong>Delphinium<\/strong> was a very popular garden plant and between 1930 and 1950 plant breeders developed over three thousand new varieties. Delphiniums appear in Krong\u00e5rden\u2019s flowerbeds in photos from the mid-1900s. Eight varieties appear in Vassbo Nursery\u2019s 1948 catalogue but none of these can be found today.<\/p>\n\n\n\n<p><strong>Oxeye daisy<\/strong> was a very popular flowerbed plant and cut flower in the first half of the 1900s and many varieties appeared in Swedish nursery catalogues.<\/p>\n\n\n\n<p><strong>Red dahlia<\/strong> from R\u00e4llsj\u00f6bo between Falun and R\u00e4ttvik. R\u00e4llsj\u00f6 Brita cared for many old plants. The dahlia was grown by Brita\u2019s grandmother and still flowered in early October 1901 when Brita was born.<\/p>\n\n\n\n<p><strong>Garden iris \u2018Flavescens\u2019<\/strong> is a yellow garden iris from the early 1800s. It is strong and has been popular for a long time.<\/p>\n\n\n\n<p><strong>Delphinium<\/strong><\/p>\n\n\n\n<p><strong>Yellow dahlia<\/strong>. R\u00e4llsj\u00f6 Brita, who cared for many old plants, received the dahlia from the Nordstr\u00f6m family in the village of Risholn in 1925.<\/p>\n\n\n\n<p><strong>Pasque flower<\/strong> is an easy-to-grow perennial common in miners\u2019 home gardens in Falun. People shared root shoots. It appears in Vassbo Nursery\u2019s 1948 catalogue.<\/p>\n\n\n\n<h3 class=\"wp-block-heading\">Shrubs<\/h3>\n\n\n\n<p><strong>Shrub rose (2025)<\/strong>, probably a rugosa hybrid. Found at a farm west of Falu Gruva. The farm was abandoned in the mid-1900s due to its proximity to the mine.<\/p>\n\n\n\n<h3 class=\"wp-block-heading\">Fruit trees<\/h3>\n\n\n\n<p><strong>Pear tree \u201cGr\u00e5p\u00e4ron\u201d<\/strong> appears in Vassbo Tree Nursery\u2019s 1948 catalogue and was relatively common in miners\u2019 home gardens.<\/p>\n\n\n\n<p><strong>Apple tree \u201cGyllenkroks Astrakan\u201d<\/strong> is a popular apple variety that appears in Vassbo Tree Nursery catalogues from the mid-1900s.<\/p>\n\n\n\n<h3 class=\"wp-block-heading\">Berry bushes and rhubarb<\/h3>\n\n\n\n<p><strong>Rhubarb \u2018Victoria\u2019<\/strong> is a large variety that has been common for a long time and is the variety sold in Vassbo Tree Nursery\u2019s 1948 catalogue.<\/p>\n\n\n\n<p><strong>Red currants \u2018Red Dutch\u2019<\/strong> is an old and healthy variety that appears in Vassbo Tree Nursery\u2019s 1948 catalogue.<\/p>\n\n\n\n<p><strong>Black currants and gooseberries<\/strong> are difficult to plant in old varieties due to diseases. Therefore, modern varieties have been planted.<\/p>\n\n\n\n<p>*Vassbo Nursery was Kopparberg County\u2019s Agricultural Society\u2019s nursery and was founded in 1862.<\/p>\n","protected":false},"excerpt":{"rendered":"<p>The plantings at our historic miners\u2019 cottages have been designed and planted by Andr\u00e9 Str\u00f6mqvist. Andr\u00e9 is a garden antiquarian and gardener. His book Handbook&#8230;<\/p>\n","protected":false},"author":22,"featured_media":0,"parent":13657,"menu_order":0,"comment_status":"closed","ping_status":"closed","template":"","meta":{"_acf_changed":false,"footnotes":""},"class_list":["post-15354","page","type-page","status-publish","hentry"],"acf":[],"_links":{"self":[{"href":"https:\/\/www.falugruva.se\/en\/wp-json\/wp\/v2\/pages\/15354","targetHints":{"allow":["GET"]}}],"collection":[{"href":"https:\/\/www.falugruva.se\/en\/wp-json\/wp\/v2\/pages"}],"about":[{"href":"https:\/\/www.falugruva.se\/en\/wp-json\/wp\/v2\/types\/page"}],"author":[{"embeddable":true,"href":"https:\/\/www.falugruva.se\/en\/wp-json\/wp\/v2\/users\/22"}],"replies":[{"embeddable":true,"href":"https:\/\/www.falugruva.se\/en\/wp-json\/wp\/v2\/comments?post=15354"}],"version-history":[{"count":1,"href":"https:\/\/www.falugruva.se\/en\/wp-json\/wp\/v2\/pages\/15354\/revisions"}],"predecessor-version":[{"id":15355,"href":"https:\/\/www.falugruva.se\/en\/wp-json\/wp\/v2\/pages\/15354\/revisions\/15355"}],"up":[{"embeddable":true,"href":"https:\/\/www.falugruva.se\/en\/wp-json\/wp\/v2\/pages\/13657"}],"wp:attachment":[{"href":"https:\/\/www.falugruva.se\/en\/wp-json\/wp\/v2\/media?parent=15354"}],"curies":[{"name":"wp","href":"https:\/\/api.w.org\/{rel}","templated":true}]}}