{"id":16269,"date":"2026-04-29T13:24:30","date_gmt":"2026-04-29T11:24:30","guid":{"rendered":"https:\/\/www.falugruva.se\/?page_id=16269"},"modified":"2026-04-29T13:24:34","modified_gmt":"2026-04-29T11:24:34","slug":"summer-exhibition-varldsarvsgrannar","status":"publish","type":"page","link":"https:\/\/www.falugruva.se\/en\/see-and-do\/summer-exhibition-varldsarvsgrannar\/","title":{"rendered":"Summer exhibition: V\u00e4rldsarvsgrannar"},"content":{"rendered":"\n<div class=\"wp-block-columns is-layout-flex wp-container-core-columns-is-layout-9d6595d7 wp-block-columns-is-layout-flex\">\n<div class=\"wp-block-column is-layout-flow wp-block-column-is-layout-flow\">\n<p>During the summer months, we open to visitors at the very top of the Mining Museum, in a space we call Atticum.<\/p>\n\n\n\n<p>The exhibition is open daily from 15 June to 16 August. Admission to the exhibition is included in all tickets to Falu Gruva.<\/p>\n\n\n\n<p>This year, the exhibition is created in collaboration with the World Heritage farm G\u00e4stgivars and V\u00e4xbo Lin. It tells the story of two neighbouring regions that have met for centuries through trade, seasonal work migration, and shared traditions.<\/p>\n\n\n\n<p>In 2001, the mine, the town, and the surrounding mining district of Falun were designated a World Heritage Site, and in 2012 seven H\u00e4lsingland farmhouses received the same designation. This means they are considered of outstanding value to humanity and are to be preserved for the future.<\/p>\n<\/div>\n\n\n\n<div class=\"wp-block-column is-layout-flow wp-block-column-is-layout-flow\">\n<figure class=\"wp-block-image size-large\"><img loading=\"lazy\" decoding=\"async\" width=\"700\" height=\"465\" src=\"https:\/\/www.falugruva.se\/wp-content\/uploads\/2025\/01\/eldkuren-700x465.jpg\" alt=\"\" class=\"wp-image-14972\" srcset=\"https:\/\/www.falugruva.se\/wp-content\/uploads\/2025\/01\/eldkuren-700x465.jpg 700w, https:\/\/www.falugruva.se\/wp-content\/uploads\/2025\/01\/eldkuren-250x166.jpg 250w, https:\/\/www.falugruva.se\/wp-content\/uploads\/2025\/01\/eldkuren-768x511.jpg 768w, https:\/\/www.falugruva.se\/wp-content\/uploads\/2025\/01\/eldkuren-120x80.jpg 120w, https:\/\/www.falugruva.se\/wp-content\/uploads\/2025\/01\/eldkuren.jpg 1071w\" sizes=\"auto, (max-width: 700px) 100vw, 700px\" \/><\/figure>\n<\/div>\n<\/div>\n\n\n\n<div style=\"height:100px\" aria-hidden=\"true\" class=\"wp-block-spacer\"><\/div>\n\n\n\n<div class=\"wp-block-columns is-layout-flex wp-container-core-columns-is-layout-9d6595d7 wp-block-columns-is-layout-flex\">\n<div class=\"wp-block-column is-layout-flow wp-block-column-is-layout-flow\">\n<h2 class=\"wp-block-heading\">World Heritage farm G\u00e4stgivars<\/h2>\n\n\n\n<p>G\u00e4stgivars in Vallsta is owned and run by Pia and Bj\u00f6rn Ohlsson. It is a H\u00e4lsingland farmhouse with a festivity building dating from the 19th century. The interiors are richly decorated with stencil paintings. The farm is open to visitors during the summer season, offering guided tours and a caf\u00e9.<\/p>\n\n\n\n<p><a href=\"https:\/\/varldsarvetgastgivars.se\/decorated-farmhouses-of-halsingland-world-heritage-gastgivars\/\">Read more about G\u00e4stgivars<\/a><\/p>\n<\/div>\n\n\n\n<div class=\"wp-block-column is-layout-flow wp-block-column-is-layout-flow\">\n<figure class=\"wp-block-image size-large\"><img loading=\"lazy\" decoding=\"async\" width=\"700\" height=\"466\" src=\"https:\/\/www.falugruva.se\/wp-content\/uploads\/2026\/04\/DSC1736_TRYCK-700x466.jpg\" alt=\"\" class=\"wp-image-16254\" srcset=\"https:\/\/www.falugruva.se\/wp-content\/uploads\/2026\/04\/DSC1736_TRYCK-700x466.jpg 700w, https:\/\/www.falugruva.se\/wp-content\/uploads\/2026\/04\/DSC1736_TRYCK-250x166.jpg 250w, https:\/\/www.falugruva.se\/wp-content\/uploads\/2026\/04\/DSC1736_TRYCK-768x511.jpg 768w, https:\/\/www.falugruva.se\/wp-content\/uploads\/2026\/04\/DSC1736_TRYCK-1536x1022.jpg 1536w, https:\/\/www.falugruva.se\/wp-content\/uploads\/2026\/04\/DSC1736_TRYCK-2048x1363.jpg 2048w, https:\/\/www.falugruva.se\/wp-content\/uploads\/2026\/04\/DSC1736_TRYCK-120x80.jpg 120w\" sizes=\"auto, (max-width: 700px) 100vw, 700px\" \/><\/figure>\n<\/div>\n<\/div>\n\n\n\n<div style=\"height:100px\" aria-hidden=\"true\" class=\"wp-block-spacer\"><\/div>\n\n\n\n<div class=\"wp-block-columns is-layout-flex wp-container-core-columns-is-layout-9d6595d7 wp-block-columns-is-layout-flex\">\n<div class=\"wp-block-column is-layout-flow wp-block-column-is-layout-flow\">\n<h2 class=\"wp-block-heading\">V\u00e4xbo Lin<\/h2>\n\n\n\n<p>In 1990, ten residents of the small village of V\u00e4xbo outside Bolln\u00e4s founded V\u00e4xbo Lin \u2013 a modern linen mill in the heart of H\u00e4lsingland. In 2006, Hanna and Jacob Bruce took over the business. Today, linen products are woven and sewn in the factory using machines dating from 1923 onwards, carefully updated for the future. Despite the fact that a Swedish weaver costs as much as thirty in Asia, they have chosen to keep production in Sweden in order to preserve knowledge, create jobs, and support rural life.<\/p>\n\n\n\n<p><a href=\"https:\/\/vaxbolin.se\/\">Read more about V\u00e4xbo Lin<\/a><\/p>\n\n\n\n<p>In the Mine Shop, you can purchase a selection of products from V\u00e4xbo Lin.<\/p>\n<\/div>\n\n\n\n<div class=\"wp-block-column is-layout-flow wp-block-column-is-layout-flow\">\n<figure class=\"wp-block-image size-large\"><img loading=\"lazy\" decoding=\"async\" width=\"700\" height=\"466\" src=\"https:\/\/www.falugruva.se\/wp-content\/uploads\/2026\/04\/Vaxbo_15-700x466.jpg\" alt=\"\" class=\"wp-image-16267\" srcset=\"https:\/\/www.falugruva.se\/wp-content\/uploads\/2026\/04\/Vaxbo_15-700x466.jpg 700w, https:\/\/www.falugruva.se\/wp-content\/uploads\/2026\/04\/Vaxbo_15-250x166.jpg 250w, https:\/\/www.falugruva.se\/wp-content\/uploads\/2026\/04\/Vaxbo_15-768x511.jpg 768w, https:\/\/www.falugruva.se\/wp-content\/uploads\/2026\/04\/Vaxbo_15-120x80.jpg 120w, https:\/\/www.falugruva.se\/wp-content\/uploads\/2026\/04\/Vaxbo_15.jpg 900w\" sizes=\"auto, (max-width: 700px) 100vw, 700px\" \/><\/figure>\n<\/div>\n<\/div>\n\n\n\n<div style=\"height:100px\" aria-hidden=\"true\" class=\"wp-block-spacer\"><\/div>\n\n\n\n<div class=\"wp-block-columns is-layout-flex wp-container-core-columns-is-layout-9d6595d7 wp-block-columns-is-layout-flex\">\n<div class=\"wp-block-column is-layout-flow wp-block-column-is-layout-flow\">\n<h2 class=\"wp-block-heading\">The Decorated Farmhouses of H\u00e4lsingland<\/h2>\n\n\n\n<p>The Decorated Farmhouses of H\u00e4lsingland consist of seven selected farms that show how prosperous farmers lived during the 18th and 19th centuries. The farms are known for their large festivity houses, built for celebrations and special occasions. Their interiors are richly decorated with paintings, wallpapers, and woodwork created by local craftsmen. They were inscribed as a World Heritage Site because they are unique examples of a rural culture where elaborate architecture and artistic decoration have been preserved on an exceptional scale. Together, they offer a remarkably well-preserved picture of a historical countryside in which aesthetics and social status played an important role.<\/p>\n\n\n\n<p><a href=\"https:\/\/www.regiongavleborg.se\/halsingegardar\/varldsarvet-halsingegardar\/\">Learn more about the Decorated Farmhouses of H\u00e4lsingland<\/a><\/p>\n<\/div>\n\n\n\n<div class=\"wp-block-column is-layout-flow wp-block-column-is-layout-flow\">\n<figure class=\"wp-block-image size-large\"><img loading=\"lazy\" decoding=\"async\" width=\"700\" height=\"525\" src=\"https:\/\/www.falugruva.se\/wp-content\/uploads\/2026\/04\/kristoffers-jg-Fotograf-Julia-Groth-Ljusdals-kommun-700x525.jpg\" alt=\"\" class=\"wp-image-16263\" srcset=\"https:\/\/www.falugruva.se\/wp-content\/uploads\/2026\/04\/kristoffers-jg-Fotograf-Julia-Groth-Ljusdals-kommun-700x525.jpg 700w, https:\/\/www.falugruva.se\/wp-content\/uploads\/2026\/04\/kristoffers-jg-Fotograf-Julia-Groth-Ljusdals-kommun-250x188.jpg 250w, https:\/\/www.falugruva.se\/wp-content\/uploads\/2026\/04\/kristoffers-jg-Fotograf-Julia-Groth-Ljusdals-kommun-768x576.jpg 768w, https:\/\/www.falugruva.se\/wp-content\/uploads\/2026\/04\/kristoffers-jg-Fotograf-Julia-Groth-Ljusdals-kommun-1536x1152.jpg 1536w, https:\/\/www.falugruva.se\/wp-content\/uploads\/2026\/04\/kristoffers-jg-Fotograf-Julia-Groth-Ljusdals-kommun-2048x1536.jpg 2048w, https:\/\/www.falugruva.se\/wp-content\/uploads\/2026\/04\/kristoffers-jg-Fotograf-Julia-Groth-Ljusdals-kommun-120x90.jpg 120w\" sizes=\"auto, (max-width: 700px) 100vw, 700px\" \/><\/figure>\n<\/div>\n<\/div>\n","protected":false},"excerpt":{"rendered":"<p>During the summer months, we open to visitors at the very top of the Mining Museum, in a space we call Atticum. The exhibition is&#8230;<\/p>\n","protected":false},"author":22,"featured_media":16240,"parent":13642,"menu_order":0,"comment_status":"closed","ping_status":"closed","template":"","meta":{"_acf_changed":false,"footnotes":""},"class_list":["post-16269","page","type-page","status-publish","has-post-thumbnail","hentry"],"acf":[],"_links":{"self":[{"href":"https:\/\/www.falugruva.se\/en\/wp-json\/wp\/v2\/pages\/16269","targetHints":{"allow":["GET"]}}],"collection":[{"href":"https:\/\/www.falugruva.se\/en\/wp-json\/wp\/v2\/pages"}],"about":[{"href":"https:\/\/www.falugruva.se\/en\/wp-json\/wp\/v2\/types\/page"}],"author":[{"embeddable":true,"href":"https:\/\/www.falugruva.se\/en\/wp-json\/wp\/v2\/users\/22"}],"replies":[{"embeddable":true,"href":"https:\/\/www.falugruva.se\/en\/wp-json\/wp\/v2\/comments?post=16269"}],"version-history":[{"count":2,"href":"https:\/\/www.falugruva.se\/en\/wp-json\/wp\/v2\/pages\/16269\/revisions"}],"predecessor-version":[{"id":16271,"href":"https:\/\/www.falugruva.se\/en\/wp-json\/wp\/v2\/pages\/16269\/revisions\/16271"}],"up":[{"embeddable":true,"href":"https:\/\/www.falugruva.se\/en\/wp-json\/wp\/v2\/pages\/13642"}],"wp:featuredmedia":[{"embeddable":true,"href":"https:\/\/www.falugruva.se\/en\/wp-json\/wp\/v2\/media\/16240"}],"wp:attachment":[{"href":"https:\/\/www.falugruva.se\/en\/wp-json\/wp\/v2\/media?parent=16269"}],"curies":[{"name":"wp","href":"https:\/\/api.w.org\/{rel}","templated":true}]}}